{"id":294,"date":"2020-05-08T18:09:15","date_gmt":"2020-05-08T16:09:15","guid":{"rendered":"http:\/\/laghetto.pl\/prywatne\/?page_id=294"},"modified":"2022-10-19T10:33:04","modified_gmt":"2022-10-19T08:33:04","slug":"dolce-vita","status":"publish","type":"page","link":"https:\/\/laghetto.pl\/prywatne\/baseny-naziemne\/dolce-vita\/","title":{"rendered":"Dolce Vita"},"content":{"rendered":"","protected":false},"excerpt":{"rendered":"","protected":false},"author":1,"featured_media":0,"parent":0,"menu_order":0,"comment_status":"closed","ping_status":"closed","template":"page-products-cat.php","meta":[],"yoast_head":"<!-- This site is optimized with the Yoast SEO plugin v15.5 - https:\/\/yoast.com\/wordpress\/plugins\/seo\/ -->\n<meta name=\"description\" content=\"Laghetto baseny prywatne w swojej ofercie maj\u0105 4 rodzaje basen\u00f3w naziemnych Dolce Vita. To w\u0142oski styl w ogrodzie lub na tarasie. Luksusowe i wygodne. Polecamy!\" \/>\n<meta name=\"robots\" content=\"index, follow, max-snippet:-1, max-image-preview:large, max-video-preview:-1\" \/>\n<link rel=\"canonical\" href=\"https:\/\/laghetto.pl\/prywatne\/baseny-naziemne\/dolce-vita\/\" \/>\n<meta property=\"og:locale\" content=\"pl_PL\" \/>\n<meta property=\"og:type\" content=\"article\" \/>\n<meta property=\"og:title\" content=\"Dolce Vita - Laghetto baseny prywatne\" \/>\n<meta property=\"og:description\" content=\"Laghetto baseny prywatne w swojej ofercie maj\u0105 4 rodzaje basen\u00f3w naziemnych Dolce Vita. To w\u0142oski styl w ogrodzie lub na tarasie. Luksusowe i wygodne. Polecamy!\" \/>\n<meta property=\"og:url\" content=\"https:\/\/laghetto.pl\/prywatne\/baseny-naziemne\/dolce-vita\/\" \/>\n<meta property=\"og:site_name\" content=\"Baseny prywatne\" \/>\n<meta property=\"article:modified_time\" content=\"2022-10-19T08:33:04+00:00\" \/>\n<meta name=\"twitter:card\" content=\"summary_large_image\" \/>\n<script type=\"application\/ld+json\" class=\"yoast-schema-graph\">{\"@context\":\"https:\/\/schema.org\",\"@graph\":[{\"@type\":\"WebSite\",\"@id\":\"https:\/\/laghetto.pl\/prywatne\/#website\",\"url\":\"https:\/\/laghetto.pl\/prywatne\/\",\"name\":\"Baseny prywatne\",\"description\":\"Kolejna witryna oparta na WordPressie\",\"potentialAction\":[{\"@type\":\"SearchAction\",\"target\":\"https:\/\/laghetto.pl\/prywatne\/?s={search_term_string}\",\"query-input\":\"required name=search_term_string\"}],\"inLanguage\":\"pl-PL\"},{\"@type\":\"WebPage\",\"@id\":\"https:\/\/laghetto.pl\/prywatne\/baseny-naziemne\/dolce-vita\/#webpage\",\"url\":\"https:\/\/laghetto.pl\/prywatne\/baseny-naziemne\/dolce-vita\/\",\"name\":\"Dolce Vita - Laghetto baseny prywatne\",\"isPartOf\":{\"@id\":\"https:\/\/laghetto.pl\/prywatne\/#website\"},\"datePublished\":\"2020-05-08T16:09:15+00:00\",\"dateModified\":\"2022-10-19T08:33:04+00:00\",\"description\":\"Laghetto baseny prywatne w swojej ofercie maj\\u0105 4 rodzaje basen\\u00f3w naziemnych Dolce Vita. To w\\u0142oski styl w ogrodzie lub na tarasie. Luksusowe i wygodne. Polecamy!\",\"inLanguage\":\"pl-PL\",\"potentialAction\":[{\"@type\":\"ReadAction\",\"target\":[\"https:\/\/laghetto.pl\/prywatne\/baseny-naziemne\/dolce-vita\/\"]}]}]}<\/script>\n<!-- \/ Yoast SEO plugin. -->","_links":{"self":[{"href":"https:\/\/laghetto.pl\/prywatne\/wp-json\/wp\/v2\/pages\/294"}],"collection":[{"href":"https:\/\/laghetto.pl\/prywatne\/wp-json\/wp\/v2\/pages"}],"about":[{"href":"https:\/\/laghetto.pl\/prywatne\/wp-json\/wp\/v2\/types\/page"}],"author":[{"embeddable":true,"href":"https:\/\/laghetto.pl\/prywatne\/wp-json\/wp\/v2\/users\/1"}],"replies":[{"embeddable":true,"href":"https:\/\/laghetto.pl\/prywatne\/wp-json\/wp\/v2\/comments?post=294"}],"version-history":[{"count":1,"href":"https:\/\/laghetto.pl\/prywatne\/wp-json\/wp\/v2\/pages\/294\/revisions"}],"predecessor-version":[{"id":524,"href":"https:\/\/laghetto.pl\/prywatne\/wp-json\/wp\/v2\/pages\/294\/revisions\/524"}],"wp:attachment":[{"href":"https:\/\/laghetto.pl\/prywatne\/wp-json\/wp\/v2\/media?parent=294"}],"curies":[{"name":"wp","href":"https:\/\/api.w.org\/{rel}","templated":true}]}}