{"id":296,"date":"2020-05-08T18:13:01","date_gmt":"2020-05-08T16:13:01","guid":{"rendered":"http:\/\/laghetto.pl\/prywatne\/?page_id=296"},"modified":"2022-11-14T10:02:09","modified_gmt":"2022-11-14T09:02:09","slug":"rattan","status":"publish","type":"page","link":"https:\/\/laghetto.pl\/prywatne\/baseny-naziemne\/dolce-vita\/rattan\/","title":{"rendered":"Rattan"},"content":{"rendered":"<p><strong>Dolce Vita Rattan &#8211; basen prezentuj\u0105cy unikalny w\u0142oski design. Kraw\u0119d\u017a basenu wyko\u0144czona drewnem kompozytowym.<br \/>\n<\/strong><\/p>\n<p>Dolcevita przedstawia nowoczesny \u015bwiat basen\u00f3w naziemnych dzi\u0119ki wyj\u0105tkowej technologii oraz innowacyjnemu i wdzi\u0119cznemu designowi.<br \/>\nDolcevita mo\u017ce dostosowa\u0107 si\u0119 do potrzeb zmieniaj\u0105cej si\u0119 rodziny, umo\u017cliwiaj\u0105c zmian\u0119 miejsca jego po\u0142o\u017cenia.<br \/>\nWszystkie dost\u0119pne wersje obejmuj\u0105 kompletny zestaw, od filtracji po drabiny.<br \/>\nDost\u0119pny jest r\u00f3wnie\u017c specjalny zestaw do osiowania i stabilizacji (opcjonalny).<br \/>\nDolcevita mo\u017cna \u0142atwo zmontowa\u0107 lub zdemontowa\u0107 w ci\u0105gu kilku godzin i u\u017cywa\u0107 sezonowo.<br \/>\nDolcevita zapewnia system recyrkulacji i filtracji, kt\u00f3ry zapewnia najwy\u017csz\u0105 jako\u015b\u0107 i higien\u0119 czysto\u015bci wody.<br \/>\nKolekcja naziemna Dolcevita obejmuje 8 standardowych rozmiar\u00f3w.<\/p>\n","protected":false},"excerpt":{"rendered":"<p>Dolce Vita Rattan &#8211; basen prezentuj\u0105cy unikalny w\u0142oski design. Kraw\u0119d\u017a basenu wyko\u0144czona drewnem kompozytowym. Dolcevita przedstawia nowoczesny \u015bwiat basen\u00f3w naziemnych dzi\u0119ki wyj\u0105tkowej technologii oraz innowacyjnemu i wdzi\u0119cznemu designowi. Dolcevita mo\u017ce dostosowa\u0107 si\u0119 do potrzeb zmieniaj\u0105cej si\u0119 rodziny, umo\u017cliwiaj\u0105c zmian\u0119 miejsca jego po\u0142o\u017cenia. Wszystkie dost\u0119pne wersje obejmuj\u0105 kompletny zestaw, od filtracji po drabiny. Dost\u0119pny jest r\u00f3wnie\u017c [&hellip;]<\/p>\n","protected":false},"author":1,"featured_media":297,"parent":294,"menu_order":0,"comment_status":"closed","ping_status":"closed","template":"page-single-offer.php","meta":[],"yoast_head":"<!-- This site is optimized with the Yoast SEO plugin v15.5 - https:\/\/yoast.com\/wordpress\/plugins\/seo\/ -->\n<meta name=\"robots\" content=\"index, follow, max-snippet:-1, max-image-preview:large, max-video-preview:-1\" \/>\n<link rel=\"canonical\" href=\"https:\/\/laghetto.pl\/prywatne\/baseny-naziemne\/dolce-vita\/rattan\/\" \/>\n<meta property=\"og:locale\" content=\"pl_PL\" \/>\n<meta property=\"og:type\" content=\"article\" \/>\n<meta property=\"og:title\" content=\"Rattan - Laghetto baseny prywatne\" \/>\n<meta property=\"og:description\" content=\"Dolce Vita Rattan &#8211; basen prezentuj\u0105cy unikalny w\u0142oski design. Kraw\u0119d\u017a basenu wyko\u0144czona drewnem kompozytowym. Dolcevita przedstawia nowoczesny \u015bwiat basen\u00f3w naziemnych dzi\u0119ki wyj\u0105tkowej technologii oraz innowacyjnemu i wdzi\u0119cznemu designowi. Dolcevita mo\u017ce dostosowa\u0107 si\u0119 do potrzeb zmieniaj\u0105cej si\u0119 rodziny, umo\u017cliwiaj\u0105c zmian\u0119 miejsca jego po\u0142o\u017cenia. Wszystkie dost\u0119pne wersje obejmuj\u0105 kompletny zestaw, od filtracji po drabiny. Dost\u0119pny jest r\u00f3wnie\u017c [&hellip;]\" \/>\n<meta property=\"og:url\" content=\"https:\/\/laghetto.pl\/prywatne\/baseny-naziemne\/dolce-vita\/rattan\/\" \/>\n<meta property=\"og:site_name\" content=\"Baseny prywatne\" \/>\n<meta property=\"article:modified_time\" content=\"2022-11-14T09:02:09+00:00\" \/>\n<meta property=\"og:image\" content=\"https:\/\/laghetto.pl\/prywatne\/wp-content\/uploads\/2020\/05\/rattan.jpg\" \/>\n\t<meta property=\"og:image:width\" content=\"788\" \/>\n\t<meta property=\"og:image:height\" content=\"462\" \/>\n<meta name=\"twitter:card\" content=\"summary_large_image\" \/>\n<meta name=\"twitter:label1\" content=\"Est. reading time\">\n\t<meta name=\"twitter:data1\" content=\"0 minut\">\n<script type=\"application\/ld+json\" class=\"yoast-schema-graph\">{\"@context\":\"https:\/\/schema.org\",\"@graph\":[{\"@type\":\"WebSite\",\"@id\":\"https:\/\/laghetto.pl\/prywatne\/#website\",\"url\":\"https:\/\/laghetto.pl\/prywatne\/\",\"name\":\"Baseny prywatne\",\"description\":\"Kolejna witryna oparta na WordPressie\",\"potentialAction\":[{\"@type\":\"SearchAction\",\"target\":\"https:\/\/laghetto.pl\/prywatne\/?s={search_term_string}\",\"query-input\":\"required name=search_term_string\"}],\"inLanguage\":\"pl-PL\"},{\"@type\":\"ImageObject\",\"@id\":\"https:\/\/laghetto.pl\/prywatne\/baseny-naziemne\/dolce-vita\/rattan\/#primaryimage\",\"inLanguage\":\"pl-PL\",\"url\":\"https:\/\/laghetto.pl\/prywatne\/wp-content\/uploads\/2020\/05\/rattan.jpg\",\"width\":788,\"height\":462},{\"@type\":\"WebPage\",\"@id\":\"https:\/\/laghetto.pl\/prywatne\/baseny-naziemne\/dolce-vita\/rattan\/#webpage\",\"url\":\"https:\/\/laghetto.pl\/prywatne\/baseny-naziemne\/dolce-vita\/rattan\/\",\"name\":\"Rattan - Laghetto baseny prywatne\",\"isPartOf\":{\"@id\":\"https:\/\/laghetto.pl\/prywatne\/#website\"},\"primaryImageOfPage\":{\"@id\":\"https:\/\/laghetto.pl\/prywatne\/baseny-naziemne\/dolce-vita\/rattan\/#primaryimage\"},\"datePublished\":\"2020-05-08T16:13:01+00:00\",\"dateModified\":\"2022-11-14T09:02:09+00:00\",\"inLanguage\":\"pl-PL\",\"potentialAction\":[{\"@type\":\"ReadAction\",\"target\":[\"https:\/\/laghetto.pl\/prywatne\/baseny-naziemne\/dolce-vita\/rattan\/\"]}]}]}<\/script>\n<!-- \/ Yoast SEO plugin. -->","_links":{"self":[{"href":"https:\/\/laghetto.pl\/prywatne\/wp-json\/wp\/v2\/pages\/296"}],"collection":[{"href":"https:\/\/laghetto.pl\/prywatne\/wp-json\/wp\/v2\/pages"}],"about":[{"href":"https:\/\/laghetto.pl\/prywatne\/wp-json\/wp\/v2\/types\/page"}],"author":[{"embeddable":true,"href":"https:\/\/laghetto.pl\/prywatne\/wp-json\/wp\/v2\/users\/1"}],"replies":[{"embeddable":true,"href":"https:\/\/laghetto.pl\/prywatne\/wp-json\/wp\/v2\/comments?post=296"}],"version-history":[{"count":2,"href":"https:\/\/laghetto.pl\/prywatne\/wp-json\/wp\/v2\/pages\/296\/revisions"}],"predecessor-version":[{"id":788,"href":"https:\/\/laghetto.pl\/prywatne\/wp-json\/wp\/v2\/pages\/296\/revisions\/788"}],"up":[{"embeddable":true,"href":"https:\/\/laghetto.pl\/prywatne\/wp-json\/wp\/v2\/pages\/294"}],"wp:featuredmedia":[{"embeddable":true,"href":"https:\/\/laghetto.pl\/prywatne\/wp-json\/wp\/v2\/media\/297"}],"wp:attachment":[{"href":"https:\/\/laghetto.pl\/prywatne\/wp-json\/wp\/v2\/media?parent=296"}],"curies":[{"name":"wp","href":"https:\/\/api.w.org\/{rel}","templated":true}]}}