{"id":316,"date":"2020-05-29T10:54:59","date_gmt":"2020-05-29T08:54:59","guid":{"rendered":"http:\/\/laghetto.pl\/prywatne\/?page_id=316"},"modified":"2022-10-19T11:10:57","modified_gmt":"2022-10-19T09:10:57","slug":"classic","status":"publish","type":"page","link":"https:\/\/laghetto.pl\/prywatne\/baseny-naziemne\/classic\/","title":{"rendered":"Classic"},"content":{"rendered":"<p>Innowacyjny design na rynku basen\u00f3w naziemnych. Produkt reprezentuj\u0105cy s\u0142ynn\u0105 w\u0142osk\u0105 szko\u0142\u0119 designu! Mi\u0119kkie i zaokr\u0105glone formy, niebieski kolor o\u017cywi ka\u017cdy ogr\u00f3d.<\/p>\n<p>Bardzo wytrzyma\u0142a, nieprzepuszczalna membrana basenowa. Specjalny dodatek do membrany gwarantuje odporno\u015b\u0107 na starzenie, odkszta\u0142cenia oraz zabrudzenia wnikaj\u0105ce w struktur\u0119 materia\u0142u.<\/p>\n<p>Konstrukcja stela\u017ca pokryta zosta\u0142a warstw\u0105 antykorozyjn\u0105 w bardzo trwa\u0142ym procesie galwanizacji na gor\u0105co.<\/p>\n<p>Ka\u017cdy basen CLASSIC dostarczany jest z systemem podp\u00f3r umo\u017cliwiaj\u0105cych \u0142atwe posadowienie basenu na ka\u017cdej wypoziomowanej powierzchni. Podpory umo\u017cliwiaj\u0105 lepsze przeniesienie nacisku od konstrukcji, a tym samym lepsz\u0105 jej stabilno\u015b\u0107.<\/p>\n<p>Wyposa\u017cenie basenu:<\/p>\n<p>drabinka ( dodatkowe zabezpieczenie przed niekontrolowanym wej\u015bciem dziecka do basenu )<br \/>\nlampa LED<br \/>\nsystem filtracji<br \/>\nodkurzacz basenowy<\/p>\n","protected":false},"excerpt":{"rendered":"<p>Innowacyjny design na rynku basen\u00f3w naziemnych. Produkt reprezentuj\u0105cy s\u0142ynn\u0105 w\u0142osk\u0105 szko\u0142\u0119 designu! Mi\u0119kkie i zaokr\u0105glone formy, niebieski kolor o\u017cywi ka\u017cdy ogr\u00f3d. Bardzo wytrzyma\u0142a, nieprzepuszczalna membrana basenowa. Specjalny dodatek do membrany gwarantuje odporno\u015b\u0107 na starzenie, odkszta\u0142cenia oraz zabrudzenia wnikaj\u0105ce w struktur\u0119 materia\u0142u. Konstrukcja stela\u017ca pokryta zosta\u0142a warstw\u0105 antykorozyjn\u0105 w bardzo trwa\u0142ym procesie galwanizacji na gor\u0105co. Ka\u017cdy [&hellip;]<\/p>\n","protected":false},"author":1,"featured_media":0,"parent":0,"menu_order":0,"comment_status":"closed","ping_status":"closed","template":"page-single-offer.php","meta":[],"yoast_head":"<!-- This site is optimized with the Yoast SEO plugin v15.5 - https:\/\/yoast.com\/wordpress\/plugins\/seo\/ -->\n<meta name=\"description\" content=\"Laghetto baseny prywatne w swojej ofercie ma basen Classic. Produkt wygodny, elegancki, klasyczny, a jednocze\u015bnie innowacyjny. Pora na w\u0142oski design w ogrodzie!\" \/>\n<meta name=\"robots\" content=\"index, follow, max-snippet:-1, max-image-preview:large, max-video-preview:-1\" \/>\n<link rel=\"canonical\" href=\"https:\/\/laghetto.pl\/prywatne\/baseny-naziemne\/classic\/\" \/>\n<meta property=\"og:locale\" content=\"pl_PL\" \/>\n<meta property=\"og:type\" content=\"article\" \/>\n<meta property=\"og:title\" content=\"Classic - Laghetto baseny prywatne\" \/>\n<meta property=\"og:description\" content=\"Laghetto baseny prywatne w swojej ofercie ma basen Classic. Produkt wygodny, elegancki, klasyczny, a jednocze\u015bnie innowacyjny. Pora na w\u0142oski design w ogrodzie!\" \/>\n<meta property=\"og:url\" content=\"https:\/\/laghetto.pl\/prywatne\/baseny-naziemne\/classic\/\" \/>\n<meta property=\"og:site_name\" content=\"Baseny prywatne\" \/>\n<meta property=\"article:modified_time\" content=\"2022-10-19T09:10:57+00:00\" \/>\n<meta name=\"twitter:card\" content=\"summary_large_image\" \/>\n<meta name=\"twitter:label1\" content=\"Est. reading time\">\n\t<meta name=\"twitter:data1\" content=\"1 minuta\">\n<script type=\"application\/ld+json\" class=\"yoast-schema-graph\">{\"@context\":\"https:\/\/schema.org\",\"@graph\":[{\"@type\":\"WebSite\",\"@id\":\"https:\/\/laghetto.pl\/prywatne\/#website\",\"url\":\"https:\/\/laghetto.pl\/prywatne\/\",\"name\":\"Baseny prywatne\",\"description\":\"Kolejna witryna oparta na WordPressie\",\"potentialAction\":[{\"@type\":\"SearchAction\",\"target\":\"https:\/\/laghetto.pl\/prywatne\/?s={search_term_string}\",\"query-input\":\"required name=search_term_string\"}],\"inLanguage\":\"pl-PL\"},{\"@type\":\"WebPage\",\"@id\":\"https:\/\/laghetto.pl\/prywatne\/baseny-naziemne\/classic\/#webpage\",\"url\":\"https:\/\/laghetto.pl\/prywatne\/baseny-naziemne\/classic\/\",\"name\":\"Classic - Laghetto baseny prywatne\",\"isPartOf\":{\"@id\":\"https:\/\/laghetto.pl\/prywatne\/#website\"},\"datePublished\":\"2020-05-29T08:54:59+00:00\",\"dateModified\":\"2022-10-19T09:10:57+00:00\",\"description\":\"Laghetto baseny prywatne w swojej ofercie ma basen Classic. Produkt wygodny, elegancki, klasyczny, a jednocze\\u015bnie innowacyjny. Pora na w\\u0142oski design w ogrodzie!\",\"inLanguage\":\"pl-PL\",\"potentialAction\":[{\"@type\":\"ReadAction\",\"target\":[\"https:\/\/laghetto.pl\/prywatne\/baseny-naziemne\/classic\/\"]}]}]}<\/script>\n<!-- \/ Yoast SEO plugin. -->","_links":{"self":[{"href":"https:\/\/laghetto.pl\/prywatne\/wp-json\/wp\/v2\/pages\/316"}],"collection":[{"href":"https:\/\/laghetto.pl\/prywatne\/wp-json\/wp\/v2\/pages"}],"about":[{"href":"https:\/\/laghetto.pl\/prywatne\/wp-json\/wp\/v2\/types\/page"}],"author":[{"embeddable":true,"href":"https:\/\/laghetto.pl\/prywatne\/wp-json\/wp\/v2\/users\/1"}],"replies":[{"embeddable":true,"href":"https:\/\/laghetto.pl\/prywatne\/wp-json\/wp\/v2\/comments?post=316"}],"version-history":[{"count":1,"href":"https:\/\/laghetto.pl\/prywatne\/wp-json\/wp\/v2\/pages\/316\/revisions"}],"predecessor-version":[{"id":525,"href":"https:\/\/laghetto.pl\/prywatne\/wp-json\/wp\/v2\/pages\/316\/revisions\/525"}],"wp:attachment":[{"href":"https:\/\/laghetto.pl\/prywatne\/wp-json\/wp\/v2\/media?parent=316"}],"curies":[{"name":"wp","href":"https:\/\/api.w.org\/{rel}","templated":true}]}}