{"id":554,"date":"2021-02-09T09:18:26","date_gmt":"2021-02-09T08:18:26","guid":{"rendered":"http:\/\/laghetto.pl\/prywatne\/?page_id=554"},"modified":"2022-06-04T11:37:17","modified_gmt":"2022-06-04T09:37:17","slug":"nowoczesny-basen-jaki-to-basen","status":"publish","type":"page","link":"https:\/\/laghetto.pl\/prywatne\/nowoczesny-basen\/","title":{"rendered":"Nowoczesny basen &#8211; jaki to basen?"},"content":{"rendered":"<p>Od kilku lat <strong>pi\u0119kny basen<\/strong> sta\u0142 si\u0119 nieod\u0142\u0105cznym elementem ka\u017cdego, przydomowego ogr\u00f3dka, kt\u00f3ry nie tylko wp\u0142ywa na jego odbi\u00f3r wizualny, ale tak\u017ce zapewnia domownikom rozrywk\u0119 podczas upalnych dni. Je\u015bli tradycyjne baseny, dost\u0119pne zar\u00f3wno w sklepach stacjonarnych, jak i internetowych, sta\u0142y si\u0119 dla Ciebie niewystarczaj\u0105ce i jeste\u015b gotowy na <a href=\"https:\/\/laghetto.pl\/prywatne\/\"><strong>luksusowy basen<\/strong><\/a>, kt\u00f3ry b\u0119dzie s\u0142u\u017cy\u0142 Ci przez kolejne lata, to doskonale trafi\u0142e\u015b. We wsp\u00f3\u0142pracy z nasz\u0105 firm\u0105 Twoja przydomowa przestrze\u0144 b\u0119dzie nie tylko funkcjonalna, ale tak\u017ce reprezentatywna.<\/p>\n\n\n<h2>Nowoczesny basen &#8211; dlaczego warto?<\/h2>\n\n\n\n<p>Letnie, d\u0142ugie i upalne dni sk\u0142aniaj\u0105 do poszukiwania najlepszych rozwi\u0105za\u0144, kt\u00f3re pozwol\u0105 na och\u0142odzenie si\u0119 w czasie uci\u0105\u017cliwego gor\u0105ca. Stawia si\u0119 wtedy na wentylatory, klimatyzatory, zimne napoje oraz parasole ogrodowe, ale coraz bardziej popularnym sposobem na radzenie sobie z upa\u0142ami jest k\u0105piel w ch\u0142odnej i orze\u017awiaj\u0105cej wodzie. Jest to mo\u017cliwe nawet w zaciszu w\u0142asnego ogrodu dzi\u0119ki <strong>nowoczesnym basenom ogrodowym. <\/strong>Zakup tego produktu wi\u0105\u017ce si\u0119 oczywi\u015bcie ze sporym wydatkiem, lecz pos\u0142u\u017cy nam naprawd\u0119 przez wiele lat i b\u0119dzie wspania\u0142\u0105 letni\u0105 atrakcj\u0105 zar\u00f3wno dla najm\u0142odszych, jak i doros\u0142ych. <strong>Nowoczesny basen ogrodowy <\/strong>zapewni nam mo\u017cliwo\u015b\u0107 och\u0142odzenia si\u0119 w upalny dzie\u0144, kiedy tylko b\u0119dziemy mie\u0107 na to ochot\u0119. To idealnie rozwi\u0105zanie dla rodzin z dzie\u0107mi. Zapewnimy im tym samym rozrywk\u0119 ka\u017cdego dnia wakacji. <strong>Nowoczesny basen<\/strong> to \u015bwietny dodatek do letnich imprez w ogrodzie. Kiedy na zaproszeniu zaznaczymy, \u017ce go\u015bcie maj\u0105 zabra\u0107 stroj\u0119 k\u0105pielowe, wszyscy b\u0119d\u0105 zachwyceni. Ostatnim wa\u017cnym aspektem, kt\u00f3ry przemawia za kupnem basenu, jest aktywno\u015b\u0107 fizyczna. Du\u017ce modele, takie jak nasze <a href=\"https:\/\/laghetto.pl\/prywatne\/baseny-naziemne\/dolce-vita\/\">Dolce Vita<\/a>, pozwalaj\u0105 na swobodne p\u0142ywanie w nim. Mo\u017cesz wybra\u0107 spo\u015br\u00f3d czterech rodzai: Rattan, Diva, Yacht, Diva LTI. Jak doskonale wida\u0107 posiadanie w\u0142asnego basenu przydomowego niesie za sob\u0105 wiele korzy\u015bci. To inwestycja na lata, kt\u00f3ra szybko mo\u017ce si\u0119 zwr\u00f3ci\u0107.<\/p>\n\n\n\n<h2>Nowoczesny basen przydomowy &#8211; poznaj nasz\u0105 ofert\u0119&nbsp;<\/h2>\n\n\n\n<p><strong>Nowoczesny basen przydomowy<\/strong> to luksus i relaks w zaciszu w\u0142asnego ogrodu. Wszystkie nasze modele posiadaj\u0105 elegancki design, kt\u00f3ry wpasuj\u0119 si\u0119 w ka\u017cd\u0105 ogrodow\u0105 aran\u017cacj\u0119. Produkt nie tylko spe\u0142nia podstawowe za\u0142o\u017cenie, czyli daje sch\u0142odzenie w upalny, letni dzie\u0144, ale tak\u017ce pi\u0119knie wygl\u0105da na tle zieleni Twojego ogrodu. <strong>Nowoczesne baseny <\/strong>dost\u0119pne w szerokiej ofercie naszego sklepu, to selekcja produkt\u00f3w najlepszej jako\u015bci. W ofercie znajdziesz m.in. baseny Dolce Vita, du\u017ce oraz g\u0142\u0119bokie baseny idealne do p\u0142ywania i relaksu, o pi\u0119knym w\u0142oskim designie, prostok\u0105tne baseny POP!, zaokr\u0105glone, kolorowe baseny na stela\u017cu, baseny Classic, tradycyjne na stela\u017cu, nadaj\u0105ce si\u0119 do p\u0142ywania, a tak\u017ce baseny <a href=\"https:\/\/laghetto.pl\/prywatne\/baseny-naziemne\/basen-naziemny-playa\/\">Playa<\/a>. To p\u0142ytki basen naziemny, ze specjalnym miejscem do siedzenia lub opalania si\u0119. To idealny rodzaj minibasenu, do och\u0142odzenia si\u0119 i relaksu. Delikatny hydromasa\u017c w podgrzanej wodzie zaprasza nas, aby cieszy\u0107 si\u0119 nim zar\u00f3wno wewn\u0105trz, jak i na zewn\u0105trz domu. Basen naziemny Playa sprawdzi si\u0119 w ogrodzie, na tarasie, a tak\u017ce w zadaszonej oran\u017cerii.<\/p>\n\n\n\n<h2>Z nasz\u0105 firm\u0105 spe\u0142nisz marzenie o SPA w ogrodzie<\/h2>\n\n\n\n<p>Odpowiednio dopasowany <strong>design w ogrodzie<\/strong> jest wsp\u00f3\u0142cze\u015bnie bardzo wa\u017cny. Zar\u00f3wno wyposa\u017cenie ogrodowe, jak i dodatkowe konstrukcje w postaci <strong>nowoczesnego basenu <\/strong>b\u0105d\u017a schowka powinny ze sob\u0105 wsp\u00f3\u0142gra\u0107. Maj\u0105c to na uwadze podczas procesu tworzenia <strong>SPA w ogrodzie<\/strong>, powiniene\u015b wzi\u0105\u0107 pod uwag\u0119 przede wszystkim:<\/p>\n\n\n\n<ul><li>ile m2 wynosi dost\u0119pna do wykorzystania powierzchnia,<\/li><li>jaki kszta\u0142t nowoczesnego basenu preferujesz,<\/li><li>z czego powinna zosta\u0107 wykonana konstrukcja.<\/li><\/ul>\n\n\n\n<p>Niemniej z pomoc\u0105 przychodzi nasza firma, kt\u00f3ra na swoim koncie posiada liczne sukcesy w tworzeniu pi\u0119knych, a zarazem niezwykle funkcjonalnych, przydomowych przestrzeni. Je\u015bli masz jakiekolwiek pytania b\u0105d\u017a w\u0105tpliwo\u015bci, skontaktuj si\u0119 z nami, ch\u0119tnie je rozwiejemy, aby\u015b mia\u0142 mo\u017cliwo\u015b\u0107 spe\u0142niania swoich marze\u0144 o designerskim ogrodzie prosto z pierwszych stron magazyn\u00f3w. Gor\u0105co zach\u0119camy do kontaktu!<\/p>\n","protected":false},"excerpt":{"rendered":"<p>Od kilku lat pi\u0119kny basen sta\u0142 si\u0119 nieod\u0142\u0105cznym elementem ka\u017cdego, przydomowego ogr\u00f3dka, kt\u00f3ry nie tylko wp\u0142ywa na jego odbi\u00f3r wizualny, ale tak\u017ce zapewnia domownikom rozrywk\u0119 podczas upalnych dni. Je\u015bli tradycyjne baseny, dost\u0119pne zar\u00f3wno w sklepach stacjonarnych, jak i internetowych, sta\u0142y si\u0119 dla Ciebie niewystarczaj\u0105ce i jeste\u015b gotowy na luksusowy basen, kt\u00f3ry b\u0119dzie s\u0142u\u017cy\u0142 Ci przez [&hellip;]<\/p>\n","protected":false},"author":1,"featured_media":0,"parent":0,"menu_order":0,"comment_status":"closed","ping_status":"closed","template":"page-about.php","meta":[],"yoast_head":"<!-- This site is optimized with the Yoast SEO plugin v15.5 - https:\/\/yoast.com\/wordpress\/plugins\/seo\/ -->\n<meta name=\"description\" content=\"Nowoczesny basen - jak to basen? Odwied\u017a teraz nasz\u0105 stron\u0119 internetow\u0105 i dowiedz si\u0119, co zrobi\u0107, aby go uzyska\u0107. Serdecznie zapraszamy do kontaktu!\" \/>\n<meta name=\"robots\" content=\"index, follow, max-snippet:-1, max-image-preview:large, max-video-preview:-1\" \/>\n<link rel=\"canonical\" href=\"https:\/\/laghetto.pl\/prywatne\/nowoczesny-basen\/\" \/>\n<meta property=\"og:locale\" content=\"pl_PL\" \/>\n<meta property=\"og:type\" content=\"article\" \/>\n<meta property=\"og:title\" content=\"Nowoczesny basen - jaki to basen? - Laghetto baseny prywatne\" \/>\n<meta property=\"og:description\" content=\"Nowoczesny basen - jak to basen? Odwied\u017a teraz nasz\u0105 stron\u0119 internetow\u0105 i dowiedz si\u0119, co zrobi\u0107, aby go uzyska\u0107. Serdecznie zapraszamy do kontaktu!\" \/>\n<meta property=\"og:url\" content=\"https:\/\/laghetto.pl\/prywatne\/nowoczesny-basen\/\" \/>\n<meta property=\"og:site_name\" content=\"Baseny prywatne\" \/>\n<meta property=\"article:modified_time\" content=\"2022-06-04T09:37:17+00:00\" \/>\n<meta name=\"twitter:card\" content=\"summary_large_image\" \/>\n<meta name=\"twitter:label1\" content=\"Est. reading time\">\n\t<meta name=\"twitter:data1\" content=\"3 minuty\">\n<script type=\"application\/ld+json\" class=\"yoast-schema-graph\">{\"@context\":\"https:\/\/schema.org\",\"@graph\":[{\"@type\":\"WebSite\",\"@id\":\"https:\/\/laghetto.pl\/prywatne\/#website\",\"url\":\"https:\/\/laghetto.pl\/prywatne\/\",\"name\":\"Baseny prywatne\",\"description\":\"Kolejna witryna oparta na WordPressie\",\"potentialAction\":[{\"@type\":\"SearchAction\",\"target\":\"https:\/\/laghetto.pl\/prywatne\/?s={search_term_string}\",\"query-input\":\"required name=search_term_string\"}],\"inLanguage\":\"pl-PL\"},{\"@type\":\"WebPage\",\"@id\":\"https:\/\/laghetto.pl\/prywatne\/nowoczesny-basen\/#webpage\",\"url\":\"https:\/\/laghetto.pl\/prywatne\/nowoczesny-basen\/\",\"name\":\"Nowoczesny basen - jaki to basen? - Laghetto baseny prywatne\",\"isPartOf\":{\"@id\":\"https:\/\/laghetto.pl\/prywatne\/#website\"},\"datePublished\":\"2021-02-09T08:18:26+00:00\",\"dateModified\":\"2022-06-04T09:37:17+00:00\",\"description\":\"Nowoczesny basen - jak to basen? Odwied\\u017a teraz nasz\\u0105 stron\\u0119 internetow\\u0105 i dowiedz si\\u0119, co zrobi\\u0107, aby go uzyska\\u0107. Serdecznie zapraszamy do kontaktu!\",\"inLanguage\":\"pl-PL\",\"potentialAction\":[{\"@type\":\"ReadAction\",\"target\":[\"https:\/\/laghetto.pl\/prywatne\/nowoczesny-basen\/\"]}]}]}<\/script>\n<!-- \/ Yoast SEO plugin. -->","_links":{"self":[{"href":"https:\/\/laghetto.pl\/prywatne\/wp-json\/wp\/v2\/pages\/554"}],"collection":[{"href":"https:\/\/laghetto.pl\/prywatne\/wp-json\/wp\/v2\/pages"}],"about":[{"href":"https:\/\/laghetto.pl\/prywatne\/wp-json\/wp\/v2\/types\/page"}],"author":[{"embeddable":true,"href":"https:\/\/laghetto.pl\/prywatne\/wp-json\/wp\/v2\/users\/1"}],"replies":[{"embeddable":true,"href":"https:\/\/laghetto.pl\/prywatne\/wp-json\/wp\/v2\/comments?post=554"}],"version-history":[{"count":3,"href":"https:\/\/laghetto.pl\/prywatne\/wp-json\/wp\/v2\/pages\/554\/revisions"}],"predecessor-version":[{"id":735,"href":"https:\/\/laghetto.pl\/prywatne\/wp-json\/wp\/v2\/pages\/554\/revisions\/735"}],"wp:attachment":[{"href":"https:\/\/laghetto.pl\/prywatne\/wp-json\/wp\/v2\/media?parent=554"}],"curies":[{"name":"wp","href":"https:\/\/api.w.org\/{rel}","templated":true}]}}