{"id":664,"date":"2022-03-30T14:00:11","date_gmt":"2022-03-30T12:00:11","guid":{"rendered":"https:\/\/laghetto.pl\/prywatne\/?page_id=664"},"modified":"2022-07-18T14:24:08","modified_gmt":"2022-07-18T12:24:08","slug":"baseny-naziemne","status":"publish","type":"page","link":"https:\/\/laghetto.pl\/prywatne\/baseny-naziemne\/","title":{"rendered":"Baseny naziemne"},"content":{"rendered":"<p>Nasze <strong>baseny ca\u0142oroczne naziemne<\/strong> to oferta kompletna, niewymagaj\u0105ca dokupowania dodatkowych element\u00f3w ani narz\u0119dzi monta\u017cowych. Zapewniamy nie tylko funkcjonalno\u015b\u0107 ka\u017cdego basenu, ale tak\u017ce ich niesamowity design. <strong>Basen naziemny <\/strong><a href=\"https:\/\/laghetto.pl\/prywatne\/baseny-naziemne\/dolce-vita\/diva\/\">Diva<\/a> pozwala p\u0142ywa\u0107 w ogrodzie zawsze, kiedy masz na to ochot\u0119, dopasowuj\u0105c si\u0119 do Twojej rodziny. Zawiera bowiem nie tylko filtr wody, ale te\u017c drabink\u0119 i wyst\u0119puje w r\u00f3\u017cnych wymiarach. Dodatkowo \u015bciany basenu s\u0105 \u015bwietn\u0105 ozdob\u0105 ogrodu. To luksus w najlepszym wydaniu.<\/p>\n<h2><strong>Basen naziemny <\/strong>pasuje nie tylko do ogrodu<\/h2>\n<p>Je\u015bli p\u0142ywanie jest jedn\u0105 z ulubionych rozrywek Twojej rodziny, to <strong>basen naziemny<\/strong> b\u0119dzie dla Was idealnym rozwi\u0105zaniem. Mo\u017cecie z niego korzysta\u0107 przez ca\u0142y rok, o ka\u017cdej porze dnia. Oka\u017ce si\u0119 odpowiedni dla os\u00f3b, kt\u00f3re nie maj\u0105 mo\u017cliwo\u015bci, czasu lub ochoty korzysta\u0107 z publicznych basen\u00f3w. Prywatny zbiornik wodny to ogromne u\u0142atwienie w \u017cyciu. Mo\u017cna relaksowa\u0107 si\u0119 we w\u0142asnym ogrodzie! <strong>Baseny naziemne<\/strong> s\u0105 luksusem, kt\u00f3ry uszcz\u0119\u015bliwi ka\u017cdego. Zadowolonych z ich funkcjonalno\u015bci mo\u017ce by\u0107 jeszcze wi\u0119cej. Dzieje si\u0119 tak za spraw\u0105 <a href=\"https:\/\/laghetto.pl\/prywatne\/baseny-naziemne\/basen-naziemny-playa\/\">basen\u00f3w naziemnych Playa<\/a>. To model, kt\u00f3ry mo\u017cna zamontowa\u0107 w ogrodzie, ale te\u017c na tarasie. Pozwala zatem mieszka\u0144com luksusowych apartament\u00f3w na chwile przyjemno\u015bci. Relaks w basenie na balkonie to wspania\u0142a rozrywka. Mo\u017cna z niej korzysta\u0107 zar\u00f3wno w s\u0142onecznie dni, jak i podczas deszczu. Proponowany w tym miejscu <strong>basen naziemny<\/strong> s\u0142u\u017cy w\u0142a\u015bcicielowi zawsze tak, jak tego oczekuje. Jest idealny do odpoczynku, nauki p\u0142ywania i morsowania, a swoim wygl\u0105dem doskonale dopasuje si\u0119 do otoczenia.<\/p>\n<h2><strong>Baseny ca\u0142oroczne naziemne<\/strong> postawisz tam, gdzie chcesz<\/h2>\n<p>Ka\u017cdy, kto chce mie\u0107 w ogrodzie basen, powinien rozwa\u017cy\u0107 zakup basenu naziemnego. Wynika to ze wspania\u0142ych mo\u017cliwo\u015bci, kt\u00f3rych nie daje basen umieszczony w ziemi. <strong>Baseny ca\u0142oroczne naziemne<\/strong> maj\u0105 \u0142atwo zak\u0142adane filtry, a ich \u015bciany szybko si\u0119 czy\u015bci. Ogromn\u0105 zalet\u0105 jest r\u00f3wnie\u017c brak ingerencji w struktur\u0119 podw\u00f3rka. Nie musisz wykopywa\u0107 dziury na basen, wi\u0119c postawisz go tam, gdzie chcesz. Takie modele, jak <a href=\"https:\/\/laghetto.pl\/prywatne\/baseny-naziemne\/dolce-vita\/yacht\/\">basen naziemny Yacht<\/a>, mo\u017cesz \u0142atwo przesuwa\u0107 i demontowa\u0107. S\u0105 idealne dla os\u00f3b, kt\u00f3re planuj\u0105 zmiany w ogrodzie. Szybko usuniesz basen i rozstawisz od nowa w innym miejscu. Maj\u0105c <strong>basen naziemny<\/strong>, nie musisz si\u0119 do niego dostosowywa\u0107. To basen b\u0119dzie s\u0142u\u017cy\u0142 Tobie tak, jak potrzebujesz, r\u00f3wnie\u017c dzi\u0119ki temu, \u017ce mo\u017cesz dopasowa\u0107 jego wielko\u015b\u0107 do swojej rodziny. B\u0119dziecie mogli p\u0142ywa\u0107 wszyscy razem, jak r\u00f3wnie\u017c uczy\u0107 dzieci. Pierwszy bliski kontakt z wod\u0105 w basenie ogrodowym to przyjemno\u015b\u0107, kt\u00f3r\u0105 maluch na pewno pokocha. Gwarantujemy, \u017ce zbiornik nie b\u0119dzie sta\u0142 bezu\u017cyteczny. Przeciwnie &#8211; zawsze znajdzie si\u0119 w rodzinie lub w\u015br\u00f3d bliskich kto\u015b, kto b\u0119dzie mia\u0142 ochot\u0119 na p\u0142ywanie. Nasze produkty maj\u0105 filtry, kt\u00f3re zapewni\u0105 czysto\u015b\u0107 i bezpiecze\u0144stwo wody w basenie, wi\u0119c nie musisz obawia\u0107 si\u0119 o zdrowie swoich bliskich czy go\u015bci.<\/p>\n","protected":false},"excerpt":{"rendered":"<p>Nasze baseny ca\u0142oroczne naziemne to oferta kompletna, niewymagaj\u0105ca dokupowania dodatkowych element\u00f3w ani narz\u0119dzi monta\u017cowych. Zapewniamy nie tylko funkcjonalno\u015b\u0107 ka\u017cdego basenu, ale tak\u017ce ich niesamowity design. Basen naziemny Diva pozwala p\u0142ywa\u0107 w ogrodzie zawsze, kiedy masz na to ochot\u0119, dopasowuj\u0105c si\u0119 do Twojej rodziny. Zawiera bowiem nie tylko filtr wody, ale te\u017c drabink\u0119 i wyst\u0119puje w [&hellip;]<\/p>\n","protected":false},"author":1,"featured_media":0,"parent":0,"menu_order":0,"comment_status":"closed","ping_status":"closed","template":"page-single-offer.php","meta":[],"yoast_head":"<!-- This site is optimized with the Yoast SEO plugin v15.5 - https:\/\/yoast.com\/wordpress\/plugins\/seo\/ -->\n<meta name=\"description\" content=\"Baseny naziemne \u27a4 \u015awietna ozdoba ogrodu \u2b50 Luksus w najlepszym wydaniu \u2b50 Wybierz sw\u00f3j basen naziemny \u2b55 Sprawd\u017a \u27a4 Laghetto.pl\" \/>\n<meta name=\"robots\" content=\"index, follow, max-snippet:-1, max-image-preview:large, max-video-preview:-1\" \/>\n<link rel=\"canonical\" href=\"https:\/\/laghetto.pl\/prywatne\/baseny-naziemne\/\" \/>\n<meta property=\"og:locale\" content=\"pl_PL\" \/>\n<meta property=\"og:type\" content=\"article\" \/>\n<meta property=\"og:title\" content=\"Baseny naziemne - Laghetto baseny prywatne\" \/>\n<meta property=\"og:description\" content=\"Baseny naziemne \u27a4 \u015awietna ozdoba ogrodu \u2b50 Luksus w najlepszym wydaniu \u2b50 Wybierz sw\u00f3j basen naziemny \u2b55 Sprawd\u017a \u27a4 Laghetto.pl\" \/>\n<meta property=\"og:url\" content=\"https:\/\/laghetto.pl\/prywatne\/baseny-naziemne\/\" \/>\n<meta property=\"og:site_name\" content=\"Baseny prywatne\" \/>\n<meta property=\"article:modified_time\" content=\"2022-07-18T12:24:08+00:00\" \/>\n<meta name=\"twitter:card\" content=\"summary_large_image\" \/>\n<meta name=\"twitter:label1\" content=\"Est. reading time\">\n\t<meta name=\"twitter:data1\" content=\"2 minuty\">\n<script type=\"application\/ld+json\" class=\"yoast-schema-graph\">{\"@context\":\"https:\/\/schema.org\",\"@graph\":[{\"@type\":\"WebSite\",\"@id\":\"https:\/\/laghetto.pl\/prywatne\/#website\",\"url\":\"https:\/\/laghetto.pl\/prywatne\/\",\"name\":\"Baseny prywatne\",\"description\":\"Kolejna witryna oparta na WordPressie\",\"potentialAction\":[{\"@type\":\"SearchAction\",\"target\":\"https:\/\/laghetto.pl\/prywatne\/?s={search_term_string}\",\"query-input\":\"required name=search_term_string\"}],\"inLanguage\":\"pl-PL\"},{\"@type\":\"WebPage\",\"@id\":\"https:\/\/laghetto.pl\/prywatne\/baseny-naziemne\/#webpage\",\"url\":\"https:\/\/laghetto.pl\/prywatne\/baseny-naziemne\/\",\"name\":\"Baseny naziemne - Laghetto baseny prywatne\",\"isPartOf\":{\"@id\":\"https:\/\/laghetto.pl\/prywatne\/#website\"},\"datePublished\":\"2022-03-30T12:00:11+00:00\",\"dateModified\":\"2022-07-18T12:24:08+00:00\",\"description\":\"Baseny naziemne \\u27a4 \\u015awietna ozdoba ogrodu \\u2b50 Luksus w najlepszym wydaniu \\u2b50 Wybierz sw\\u00f3j basen naziemny \\u2b55 Sprawd\\u017a \\u27a4 Laghetto.pl\",\"inLanguage\":\"pl-PL\",\"potentialAction\":[{\"@type\":\"ReadAction\",\"target\":[\"https:\/\/laghetto.pl\/prywatne\/baseny-naziemne\/\"]}]}]}<\/script>\n<!-- \/ Yoast SEO plugin. -->","_links":{"self":[{"href":"https:\/\/laghetto.pl\/prywatne\/wp-json\/wp\/v2\/pages\/664"}],"collection":[{"href":"https:\/\/laghetto.pl\/prywatne\/wp-json\/wp\/v2\/pages"}],"about":[{"href":"https:\/\/laghetto.pl\/prywatne\/wp-json\/wp\/v2\/types\/page"}],"author":[{"embeddable":true,"href":"https:\/\/laghetto.pl\/prywatne\/wp-json\/wp\/v2\/users\/1"}],"replies":[{"embeddable":true,"href":"https:\/\/laghetto.pl\/prywatne\/wp-json\/wp\/v2\/comments?post=664"}],"version-history":[{"count":24,"href":"https:\/\/laghetto.pl\/prywatne\/wp-json\/wp\/v2\/pages\/664\/revisions"}],"predecessor-version":[{"id":691,"href":"https:\/\/laghetto.pl\/prywatne\/wp-json\/wp\/v2\/pages\/664\/revisions\/691"}],"wp:attachment":[{"href":"https:\/\/laghetto.pl\/prywatne\/wp-json\/wp\/v2\/media?parent=664"}],"curies":[{"name":"wp","href":"https:\/\/api.w.org\/{rel}","templated":true}]}}