{"id":746,"date":"2022-07-20T10:33:46","date_gmt":"2022-07-20T08:33:46","guid":{"rendered":"https:\/\/laghetto.pl\/prywatne\/?page_id=746"},"modified":"2022-07-20T11:21:36","modified_gmt":"2022-07-20T09:21:36","slug":"basen-prostokat","status":"publish","type":"page","link":"https:\/\/laghetto.pl\/prywatne\/baseny-prostokatne\/","title":{"rendered":"Basen prostok\u0105tny"},"content":{"rendered":"<p><strong>Basen prostok\u0105tny<\/strong> to doskona\u0142e rozwi\u0105zanie dla wszystkich mi\u0142o\u015bnik\u00f3w sportu, kt\u00f3rzy chc\u0105 zadba\u0107 o odpowiedni\u0105 ilo\u015b\u0107 aktywno\u015bci fizycznej nawet podczas upalnych, letnich dni. Je\u015bli wi\u0119c zastanawiasz si\u0119 nad zainwestowaniem w siebie oraz przestrze\u0144 domow\u0105, to trafi\u0142e\u015b w odpowiednie miejsce. Nasza firma posiada wieloletnie do\u015bwiadczenie w tworzeniu wysokiej jako\u015bci basen\u00f3w do dom\u00f3w oraz ogrod\u00f3w. W ofercie nie mog\u0142o r\u00f3wnie\u017c zabrakn\u0105\u0107 <strong>basen\u00f3w prostok\u0105tnych<\/strong>, kt\u00f3re od kilku lat ciesz\u0105 si\u0119 niema\u0142\u0105 popularno\u015bci\u0105 w\u015br\u00f3d klient\u00f3w &#8211; podobnie jak bli\u017aniacze rozwi\u0105zania jak <a href=\"\/prywatne\/baseny-naziemne\/baseny-stelazowe\/\">baseny stela\u017cowe<\/a> czy <a href=\"\/prywatne\/baseny-naziemne\/baseny-ogrodowe\/\">baseny ogrodowe<\/a>.<\/p>\n<h2>Basen prostok\u0105tny &#8211; najlepsza inwestycja do Twojego domu b\u0105d\u017a ogrodu<\/h2>\n<p>Jak ju\u017c wspomnieli\u015bmy, <strong>basen prostok\u0105tny<\/strong> budzi ogromne zainteresowanie w\u015br\u00f3d klient\u00f3w i nie ma w tym absolutnie nic dziwnego. Taka inwestycja nie tylko pozwoli na regularne treningi, ale tak\u017ce urozmaici ogrodow\u0105 b\u0105d\u017a domow\u0105 przestrze\u0144. Niemniej <strong>basen prostok\u0105tny<\/strong> cieszy si\u0119 du\u017cym zainteresowaniem przede wszystkim ze wzgl\u0119du na:<\/p>\n<ul>\n<li>mo\u017cliwo\u015b\u0107 aktywnego wypoczynku w postaci p\u0142ywania,<\/li>\n<li>wi\u0119ksz\u0105 powierzchni\u0119 w por\u00f3wnaniu do basen\u00f3w okr\u0105g\u0142ych,<\/li>\n<li>niezwyk\u0142\u0105 trwa\u0142o\u015b\u0107, w szczeg\u00f3lno\u015bci je\u015bli budowa konstrukcji opiera si\u0119 na stela\u017cu,<\/li>\n<li>\u0142atwe dopasowanie do przestrzeni, czego nie mo\u017cna powiedzie\u0107 o basenie okr\u0105g\u0142ym.<\/li>\n<\/ul>\n<h2><span style=\"font-weight: 400;\">Dlaczego warto kupi\u0107 <\/span><b>basen prostok\u0105tny<\/b><span style=\"font-weight: 400;\">?<\/span><\/h2>\n<p><span style=\"font-weight: 400;\">Bez w\u0105tpienia <\/span><b>basen prostok\u0105tny<\/b><span style=\"font-weight: 400;\"> do przydomowego ogrodu to doskona\u0142y spos\u00f3b na zorganizowanie letniego wypoczynku w zaciszu w\u0142asnego podw\u00f3rka, ale w spos\u00f3b aktywny! <\/span><b>Baseny prostok\u0105tne ogrodowe<\/b><span style=\"font-weight: 400;\">, zar\u00f3wno <\/span><b>stela\u017cowe, jak i baseny rozporowe<\/b><span style=\"font-weight: 400;\">, to doskona\u0142a rozrywka zar\u00f3wno dla doros\u0142ych, jak i dzieci. Sprawdz\u0105 si\u0119 one podczas przyj\u0119\u0107 rodzinnych oraz spotka\u0144 ze znajomymi. W swoim basenie urz\u0105dzisz te\u017c mecze gry w pi\u0142k\u0119 lub pobawisz si\u0119 ze swoimi dzie\u0107mi. To doskona\u0142y spos\u00f3b na sp\u0119dzenie wolnego czasu. <\/span><b>Basen ogrodowy <\/b><span style=\"font-weight: 400;\">to idealne miejsce do pierwszej nauki p\u0142ywania i nurkowania. Dodatkowo model w kszta\u0142cie prostok\u0105ta, to najlepsze rozwi\u0105zanie, je\u017celi chodzi o ustawno\u015b\u0107 i zagospodarowanie ogrodowej przestrzeni. Ponadto posiada on wi\u0119ksz\u0105 powierzchni\u0119 p\u0142ywania w por\u00f3wnaniu z basenem okr\u0105g\u0142ym o podobnej powierzchni.<\/span><\/p>\n<h2><span style=\"font-weight: 400;\">Jak odpowiednio ustawi\u0107 <\/span><b>ogrodowy basen prostok\u0105tny<\/b><span style=\"font-weight: 400;\">?<\/span><\/h2>\n<p><b>Basen stela\u017cowy prostok\u0105tny<\/b><span style=\"font-weight: 400;\"> to zbiornik, kt\u00f3ry rozk\u0142adany jest na czas sezonu letniego i zwykle nie przesuwa si\u0119 go w inne miejsce ze wzgl\u0119du na jego rozmiary oraz ogromn\u0105 wag\u0119. Nale\u017cy zatem odpowiednio wybra\u0107 i przygotowa\u0107 miejsce, w kt\u00f3rym dany basen ma sta\u0107 tak, aby nie by\u0142o p\u00f3\u017aniej z nim \u017cadnego k\u0142opotu. Niekorzystnym miejscem b\u0119dzie to tu\u017c pod drzewami. Opadaj\u0105ce li\u015bcie lub ig\u0142y, skutecznie b\u0119d\u0105 zanieczyszcza\u0107 zbiornik. Dobrze jest zatem wybra\u0107 otwart\u0105 przestrze\u0144 w ogrodzie na wypoziomowanym pod\u0142o\u017cu. Pod basen nale\u017cy po\u0142o\u017cy\u0107 mat\u0119 lub plandek\u0119. W ten spos\u00f3b b\u0119dziesz chroni\u0107 sp\u00f3d basenu przed zniszczeniem, a stopy przed chropowat\u0105 powierzchni\u0105.<\/span><span style=\"font-weight: 400;\"><br \/>\n<\/span><span style=\"font-weight: 400;\"><br \/>\n<\/span><b>Baseny prostok\u0105tne<\/b><span style=\"font-weight: 400;\"> s\u0105 du\u017ce, zmierz zatem dobrze dost\u0119pn\u0105 przestrze\u0144, zanim kupisz sw\u00f3j wymarzony model ogrodowy, stela\u017cowy. Dzi\u0119ki temu b\u0119dziesz mia\u0142 pewno\u015b\u0107, \u017ce dobrze wkomponuje si\u0119 w ogr\u00f3d. Prostok\u0105tny kszta\u0142t basenu pozwala na du\u017c\u0105 swobod\u0119 ustawienia, ale warto odpowiednio zaplanowa\u0107 prac\u0119 i u\u0142o\u017cenie zbiornika wcze\u015bniej, zanim rozpoczniesz faktyczne jego rozk\u0142adanie.<\/span><span style=\"font-weight: 400;\"><br \/>\n<\/span><span style=\"font-weight: 400;\"><br \/>\n<\/span><span style=\"font-weight: 400;\">Podobnie nale\u017cy zadba\u0107 o miejsce na <\/span><b>baseny rozporowe<\/b><span style=\"font-weight: 400;\">. Odpowiednie u\u0142o\u017cenie zbiornika sprawi, \u017ce woda nie b\u0119dzie si\u0119 wylewa\u0142a, a nier\u00f3wno\u015bci na spodzie basenu nie b\u0119d\u0105 przeszkadza\u0142y w jego u\u017cytkowaniu. Musisz pami\u0119ta\u0107 r\u00f3wnie\u017c o swobodnym dost\u0119pie do \u017ar\u00f3d\u0142a pr\u0105du.<\/span><span style=\"font-weight: 400;\"><br \/>\n<\/span><span style=\"font-weight: 400;\"><br \/>\n<\/span><span style=\"font-weight: 400;\">Niezale\u017cnie od tego, czy zdecydujesz si\u0119 na zakup <\/span><b>basenu stela\u017cowego<\/b><span style=\"font-weight: 400;\">, czy <\/span><b>rozporowego<\/b><span style=\"font-weight: 400;\">, musisz zadba\u0107 o stan wody i czysto\u015b\u0107 zbiornika. Higiena i bezpiecze\u0144stwo s\u0105 przecie\u017c najwa\u017cniejsze! Produkty, kt\u00f3re pomog\u0105 Ci w utrzymaniu basenu w czysto\u015bci, to przede wszystkim pompy z odpowiednim filtrem, chemia basenowa oraz akcesoria do czyszczenia basenu, jak np. siatka, czy odkurzacz.<\/span><\/p>\n<p>Je\u015bli jeste\u015b zainteresowany\/zainteresowana zakupem <strong>basenu prostok\u0105tnego<\/strong> do swojego ogrodu b\u0105d\u017a domu, aczkolwiek posiadasz kilka pyta\u0144, serdecznie zach\u0119camy do <a href=\"\/prywatne\/kontakt\/\">kontaktu drog\u0105 mailow\u0105 lub telefoniczn\u0105<\/a>. Nasi specjali\u015bci postaraj\u0105 si\u0119 rozwia\u0107 Twoje w\u0105tpliwo\u015bci.<\/p>\n","protected":false},"excerpt":{"rendered":"<p>Basen prostok\u0105tny to doskona\u0142e rozwi\u0105zanie dla wszystkich mi\u0142o\u015bnik\u00f3w sportu, kt\u00f3rzy chc\u0105 zadba\u0107 o odpowiedni\u0105 ilo\u015b\u0107 aktywno\u015bci fizycznej nawet podczas upalnych, letnich dni. Je\u015bli wi\u0119c zastanawiasz si\u0119 nad zainwestowaniem w siebie oraz przestrze\u0144 domow\u0105, to trafi\u0142e\u015b w odpowiednie miejsce. Nasza firma posiada wieloletnie do\u015bwiadczenie w tworzeniu wysokiej jako\u015bci basen\u00f3w do dom\u00f3w oraz ogrod\u00f3w. W ofercie nie [&hellip;]<\/p>\n","protected":false},"author":1,"featured_media":0,"parent":664,"menu_order":0,"comment_status":"closed","ping_status":"closed","template":"page-single-offer.php","meta":[],"yoast_head":"<!-- This site is optimized with the Yoast SEO plugin v15.5 - https:\/\/yoast.com\/wordpress\/plugins\/seo\/ -->\n<meta name=\"description\" content=\"Basen prostok\u0105tny \u27a4 Niezwyk\u0142a trwa\u0142o\u015b\u0107 \u2b50 Wi\u0119ksza powierzchnia p\u0142ywania \u2b50 Baseny prostok\u0105tne \u2b55 Sprawd\u017a \u27a4 Laghetto.pl\" \/>\n<meta name=\"robots\" content=\"index, follow, max-snippet:-1, max-image-preview:large, max-video-preview:-1\" \/>\n<link rel=\"canonical\" href=\"https:\/\/laghetto.pl\/prywatne\/baseny-prostokatne\/\" \/>\n<meta property=\"og:locale\" content=\"pl_PL\" \/>\n<meta property=\"og:type\" content=\"article\" \/>\n<meta property=\"og:title\" content=\"Basen prostok\u0105tny - Baseny prostok\u0105tne - Laghetto.pl\" \/>\n<meta property=\"og:description\" content=\"Basen prostok\u0105tny \u27a4 Niezwyk\u0142a trwa\u0142o\u015b\u0107 \u2b50 Wi\u0119ksza powierzchnia p\u0142ywania \u2b50 Baseny prostok\u0105tne \u2b55 Sprawd\u017a \u27a4 Laghetto.pl\" \/>\n<meta property=\"og:url\" content=\"https:\/\/laghetto.pl\/prywatne\/baseny-prostokatne\/\" \/>\n<meta property=\"og:site_name\" content=\"Baseny prywatne\" \/>\n<meta property=\"article:modified_time\" content=\"2022-07-20T09:21:36+00:00\" \/>\n<meta name=\"twitter:card\" content=\"summary_large_image\" \/>\n<meta name=\"twitter:label1\" content=\"Est. reading time\">\n\t<meta name=\"twitter:data1\" content=\"3 minuty\">\n<script type=\"application\/ld+json\" class=\"yoast-schema-graph\">{\"@context\":\"https:\/\/schema.org\",\"@graph\":[{\"@type\":\"WebSite\",\"@id\":\"https:\/\/laghetto.pl\/prywatne\/#website\",\"url\":\"https:\/\/laghetto.pl\/prywatne\/\",\"name\":\"Baseny prywatne\",\"description\":\"Kolejna witryna oparta na WordPressie\",\"potentialAction\":[{\"@type\":\"SearchAction\",\"target\":\"https:\/\/laghetto.pl\/prywatne\/?s={search_term_string}\",\"query-input\":\"required name=search_term_string\"}],\"inLanguage\":\"pl-PL\"},{\"@type\":\"WebPage\",\"@id\":\"https:\/\/laghetto.pl\/prywatne\/baseny-prostokatne\/#webpage\",\"url\":\"https:\/\/laghetto.pl\/prywatne\/baseny-prostokatne\/\",\"name\":\"Basen prostok\\u0105tny - Baseny prostok\\u0105tne - Laghetto.pl\",\"isPartOf\":{\"@id\":\"https:\/\/laghetto.pl\/prywatne\/#website\"},\"datePublished\":\"2022-07-20T08:33:46+00:00\",\"dateModified\":\"2022-07-20T09:21:36+00:00\",\"description\":\"Basen prostok\\u0105tny \\u27a4 Niezwyk\\u0142a trwa\\u0142o\\u015b\\u0107 \\u2b50 Wi\\u0119ksza powierzchnia p\\u0142ywania \\u2b50 Baseny prostok\\u0105tne \\u2b55 Sprawd\\u017a \\u27a4 Laghetto.pl\",\"inLanguage\":\"pl-PL\",\"potentialAction\":[{\"@type\":\"ReadAction\",\"target\":[\"https:\/\/laghetto.pl\/prywatne\/baseny-prostokatne\/\"]}]}]}<\/script>\n<!-- \/ Yoast SEO plugin. -->","_links":{"self":[{"href":"https:\/\/laghetto.pl\/prywatne\/wp-json\/wp\/v2\/pages\/746"}],"collection":[{"href":"https:\/\/laghetto.pl\/prywatne\/wp-json\/wp\/v2\/pages"}],"about":[{"href":"https:\/\/laghetto.pl\/prywatne\/wp-json\/wp\/v2\/types\/page"}],"author":[{"embeddable":true,"href":"https:\/\/laghetto.pl\/prywatne\/wp-json\/wp\/v2\/users\/1"}],"replies":[{"embeddable":true,"href":"https:\/\/laghetto.pl\/prywatne\/wp-json\/wp\/v2\/comments?post=746"}],"version-history":[{"count":6,"href":"https:\/\/laghetto.pl\/prywatne\/wp-json\/wp\/v2\/pages\/746\/revisions"}],"predecessor-version":[{"id":752,"href":"https:\/\/laghetto.pl\/prywatne\/wp-json\/wp\/v2\/pages\/746\/revisions\/752"}],"up":[{"embeddable":true,"href":"https:\/\/laghetto.pl\/prywatne\/wp-json\/wp\/v2\/pages\/664"}],"wp:attachment":[{"href":"https:\/\/laghetto.pl\/prywatne\/wp-json\/wp\/v2\/media?parent=746"}],"curies":[{"name":"wp","href":"https:\/\/api.w.org\/{rel}","templated":true}]}}