{"id":792,"date":"2022-11-14T10:21:38","date_gmt":"2022-11-14T09:21:38","guid":{"rendered":"https:\/\/laghetto.pl\/prywatne\/?page_id=792"},"modified":"2022-12-05T11:32:02","modified_gmt":"2022-12-05T10:32:02","slug":"faq","status":"publish","type":"page","link":"https:\/\/laghetto.pl\/prywatne\/faq\/","title":{"rendered":"Dlaczego baseny LAGHETTO kosztuj\u0105 wi\u0119cej?"},"content":{"rendered":"\n<p>Pod\u0105\u017caj\u0105c za ofert\u0105 basen\u00f3w naziemnych dost\u0119pnych na rynku nasuwa si\u0119 pytanie: Dlaczego baseny Laghetto kosztuj\u0105 wi\u0119cej ni\u017c inne, wydawa\u0142oby si\u0119 podobne? <\/p>\n\n\n\n<p>Zadajecie nam Pa\u0144stwo to pytanie wiele razy,  postanowili\u015bmy wi\u0119c udzieli\u0107 odpowiedzi na naszej stronie. <\/p>\n\n\n\n<p>Tajemnica tkwi w jako\u015bci zastosowanych materia\u0142\u00f3w. Basen, basenowi nie r\u00f3wny podobnie jak samoch\u00f3d &#8211; samochodowi. Wszak ka\u017cdy dost\u0119pny na rynku ma ko\u0142a, silnik i karoseri\u0119 a jednak &#8230;. r\u00f3\u017cnice w cenach s\u0105 ogromne. <\/p>\n\n\n\n<p>To samo dotyczy basen\u00f3w logowanych mark\u0105 Laghetto. A wi\u0119c dlaczego? <\/p>\n\n\n\n<p><strong>Po pierwsze<\/strong> &#8211; Design, to naprawd\u0119 pi\u0119kny basen ogrodowy, kt\u00f3ry stanowi pi\u0119kny mebel , dekoruj\u0105cy przestrze\u0144 a nie&#8230;.. po prostu basen. <\/p>\n\n\n\n<p><strong>Po drugie<\/strong> &#8211; Profesjonalny zestaw filtracyjny, bardzo trwa\u0142y, wykonany z wysokiej jako\u015bci materia\u0142\u00f3w, bardzo skuteczny i wydajny, atestowany i bezpieczny w u\u017cytkowaniu. <\/p>\n\n\n\n<p><strong>Po trzecie<\/strong> &#8211;  Zar\u00f3wno wyk\u0142adzina basenu , jak i materia\u0142 zewn\u0119trzny (techno rattan)  zosta\u0142y odpowiednio zabezpieczone przed dzia\u0142aniem szkodliwych czynnik\u00f3w zewn\u0119trznych. Dzi\u0119ki temu pi\u0119kno basenu pozostaje z nami na wiele lat. <\/p>\n\n\n\n<p><strong>Po czwarte<\/strong> &#8211; Mo\u017cliwo\u015b\u0107 adaptacji basen\u00f3w w miejsce relaksu, gdzie opr\u00f3cz k\u0105pieli mo\u017cna r\u00f3wnie\u017c odpocz\u0105\u0107 na pi\u0119knie wkomponowanych w bry\u0142\u0119  basenu le\u017cankach z poduszkami. <\/p>\n\n\n\n<p>Jak wiadomo jako\u015b\u0107, elegancja i dobry design nie mog\u0105 konkurowa\u0107 cen\u0105 z produktami dost\u0119pnymi masowo w sieciach handlowych czy w Internecie. <\/p>\n\n\n\n<p>Tak si\u0119 po prostu nie da. <\/p>\n\n\n\n<p>Zapraszamy wi\u0119c do wsp\u00f3\u0142pracy &#8230;.  szczeg\u00f3lnie <em>KONESER\u00d3W PI\u0118KNEGO DESIGNU <\/em><\/p>\n","protected":false},"excerpt":{"rendered":"<p>Pod\u0105\u017caj\u0105c za ofert\u0105 basen\u00f3w naziemnych dost\u0119pnych na rynku nasuwa si\u0119 pytanie: Dlaczego baseny Laghetto kosztuj\u0105 wi\u0119cej ni\u017c inne, wydawa\u0142oby si\u0119 podobne? Zadajecie nam Pa\u0144stwo to pytanie wiele razy, postanowili\u015bmy wi\u0119c udzieli\u0107 odpowiedzi na naszej stronie. Tajemnica tkwi w jako\u015bci zastosowanych materia\u0142\u00f3w. Basen, basenowi nie r\u00f3wny podobnie jak samoch\u00f3d &#8211; samochodowi. Wszak ka\u017cdy dost\u0119pny na rynku [&hellip;]<\/p>\n","protected":false},"author":1,"featured_media":0,"parent":0,"menu_order":0,"comment_status":"closed","ping_status":"closed","template":"page-about.php","meta":[],"yoast_head":"<!-- This site is optimized with the Yoast SEO plugin v15.5 - https:\/\/yoast.com\/wordpress\/plugins\/seo\/ -->\n<meta name=\"robots\" content=\"index, follow, max-snippet:-1, max-image-preview:large, max-video-preview:-1\" \/>\n<link rel=\"canonical\" href=\"https:\/\/laghetto.pl\/prywatne\/faq\/\" \/>\n<meta property=\"og:locale\" content=\"pl_PL\" \/>\n<meta property=\"og:type\" content=\"article\" \/>\n<meta property=\"og:title\" content=\"Dlaczego baseny LAGHETTO kosztuj\u0105 wi\u0119cej? - Laghetto baseny prywatne\" \/>\n<meta property=\"og:description\" content=\"Pod\u0105\u017caj\u0105c za ofert\u0105 basen\u00f3w naziemnych dost\u0119pnych na rynku nasuwa si\u0119 pytanie: Dlaczego baseny Laghetto kosztuj\u0105 wi\u0119cej ni\u017c inne, wydawa\u0142oby si\u0119 podobne? Zadajecie nam Pa\u0144stwo to pytanie wiele razy, postanowili\u015bmy wi\u0119c udzieli\u0107 odpowiedzi na naszej stronie. Tajemnica tkwi w jako\u015bci zastosowanych materia\u0142\u00f3w. Basen, basenowi nie r\u00f3wny podobnie jak samoch\u00f3d &#8211; samochodowi. Wszak ka\u017cdy dost\u0119pny na rynku [&hellip;]\" \/>\n<meta property=\"og:url\" content=\"https:\/\/laghetto.pl\/prywatne\/faq\/\" \/>\n<meta property=\"og:site_name\" content=\"Baseny prywatne\" \/>\n<meta property=\"article:modified_time\" content=\"2022-12-05T10:32:02+00:00\" \/>\n<meta name=\"twitter:card\" content=\"summary_large_image\" \/>\n<meta name=\"twitter:label1\" content=\"Est. reading time\">\n\t<meta name=\"twitter:data1\" content=\"1 minuta\">\n<script type=\"application\/ld+json\" class=\"yoast-schema-graph\">{\"@context\":\"https:\/\/schema.org\",\"@graph\":[{\"@type\":\"WebSite\",\"@id\":\"https:\/\/laghetto.pl\/prywatne\/#website\",\"url\":\"https:\/\/laghetto.pl\/prywatne\/\",\"name\":\"Baseny prywatne\",\"description\":\"Kolejna witryna oparta na WordPressie\",\"potentialAction\":[{\"@type\":\"SearchAction\",\"target\":\"https:\/\/laghetto.pl\/prywatne\/?s={search_term_string}\",\"query-input\":\"required name=search_term_string\"}],\"inLanguage\":\"pl-PL\"},{\"@type\":\"WebPage\",\"@id\":\"https:\/\/laghetto.pl\/prywatne\/faq\/#webpage\",\"url\":\"https:\/\/laghetto.pl\/prywatne\/faq\/\",\"name\":\"Dlaczego baseny LAGHETTO kosztuj\\u0105 wi\\u0119cej? - Laghetto baseny prywatne\",\"isPartOf\":{\"@id\":\"https:\/\/laghetto.pl\/prywatne\/#website\"},\"datePublished\":\"2022-11-14T09:21:38+00:00\",\"dateModified\":\"2022-12-05T10:32:02+00:00\",\"inLanguage\":\"pl-PL\",\"potentialAction\":[{\"@type\":\"ReadAction\",\"target\":[\"https:\/\/laghetto.pl\/prywatne\/faq\/\"]}]}]}<\/script>\n<!-- \/ Yoast SEO plugin. -->","_links":{"self":[{"href":"https:\/\/laghetto.pl\/prywatne\/wp-json\/wp\/v2\/pages\/792"}],"collection":[{"href":"https:\/\/laghetto.pl\/prywatne\/wp-json\/wp\/v2\/pages"}],"about":[{"href":"https:\/\/laghetto.pl\/prywatne\/wp-json\/wp\/v2\/types\/page"}],"author":[{"embeddable":true,"href":"https:\/\/laghetto.pl\/prywatne\/wp-json\/wp\/v2\/users\/1"}],"replies":[{"embeddable":true,"href":"https:\/\/laghetto.pl\/prywatne\/wp-json\/wp\/v2\/comments?post=792"}],"version-history":[{"count":15,"href":"https:\/\/laghetto.pl\/prywatne\/wp-json\/wp\/v2\/pages\/792\/revisions"}],"predecessor-version":[{"id":816,"href":"https:\/\/laghetto.pl\/prywatne\/wp-json\/wp\/v2\/pages\/792\/revisions\/816"}],"wp:attachment":[{"href":"https:\/\/laghetto.pl\/prywatne\/wp-json\/wp\/v2\/media?parent=792"}],"curies":[{"name":"wp","href":"https:\/\/api.w.org\/{rel}","templated":true}]}}